{"id":721,"date":"2024-05-15T07:15:49","date_gmt":"2024-05-15T07:15:49","guid":{"rendered":"http:\/\/stib-sa.fr\/terms-of-use\/"},"modified":"2025-01-21T07:54:15","modified_gmt":"2025-01-21T07:54:15","slug":"terms-of-use","status":"publish","type":"page","link":"https:\/\/stib-sa.fr\/en\/terms-of-use\/","title":{"rendered":"Terms of use"},"content":{"rendered":"\n<h2 class=\"wp-block-heading\">Site editor<\/h2>\n\n<p>STIB<br\/>30 Chemin des Grands Champs &#8211; R\u00e9signel<br\/>01160 Neuville-sur-Ain, France<br\/>Telephone: +33 (0)4 74 37 79 45<br\/>Email: <a>commercial@stib-sa.com<\/a><\/p>\n\n<p>RCS Bourg-en-Bresse: B 771 201 373<br\/>Legal form: Soci\u00e9t\u00e9 par Actions Simplifi\u00e9e (SAS)<br\/>Share capital: \u20ac670,000<br\/>NAF code: 2562B<\/p>\n\n<h2 class=\"wp-block-heading\">Site host<\/h2>\n\n<p>OVH<br\/>140 quai Sartel, 59000 ROUBAIX<br\/>T\u00e9l: <a href=\"tel:0899701761\">08 99 70 17 61<\/a><br\/>N\u00b0 SIRET : 424 761 419 00011<br\/>Legal form : SARL<br\/>Share capital : 7 622 EURO<br\/>Code activit\u00e9 : 721Z<\/p>\n\n<h2 class=\"wp-block-heading\">Personal data protection<\/h2>\n\n<p>In accordance with article 27 of the French law n\u00b078-17 &#8220;Informatique et Libert\u00e9&#8221; of January 6, 1978, you have the right to access, modify, rectify and delete data concerning you. To exercise this right, please send an email to <a>commercial@stib-sa.com.<\/a><\/p>\n\n<h2 class=\"wp-block-heading\">Intellectual property<\/h2>\n\n<p>The content of this site (text, images, graphics, logos, icons, etc.) is the exclusive property of STIB, unless otherwise stated. Any reproduction, distribution, modification or use for commercial or non-commercial purposes, without the prior written consent of STIB, is prohibited.<\/p>\n\n<h2 class=\"wp-block-heading\">Liability<\/h2>\n\n<p>STIB strives to maintain accurate and up-to-date information on this site. However, the company declines all responsibility for any errors or omissions, as well as for any use that may be made of the information contained on this site.<\/p>\n\n<h2 class=\"wp-block-heading\">Hyperlinks<\/h2>\n\n<p>The site may contain links to other websites. STIB is not responsible for the content or privacy practices of such third party sites.<\/p>\n\n<h2 class=\"wp-block-heading\">Cookies<\/h2>\n\n<p>This site may use cookies to improve the user experience. You can manage your cookie preferences by configuring your browser.<\/p>\n","protected":false},"excerpt":{"rendered":"<p>Site editor STIB30 Chemin des Grands Champs &#8211; R\u00e9signel01160 Neuville-sur-Ain, FranceTelephone: +33 (0)4 74 37 79 45Email: commercial@stib-sa.com RCS Bourg-en-Bresse: B 771 201 373Legal form: Soci\u00e9t\u00e9 par Actions Simplifi\u00e9e (SAS)Share capital: \u20ac670,000NAF code: 2562B Site host OVH140 quai Sartel, 59000 ROUBAIXT\u00e9l: 08 99 70 17 61N\u00b0 SIRET : 424 761 419 00011Legal form : SARLShare [&hellip;]<\/p>\n","protected":false},"author":1,"featured_media":0,"parent":0,"menu_order":0,"comment_status":"closed","ping_status":"closed","template":"","meta":{"footnotes":""},"class_list":["post-721","page","type-page","status-publish","hentry"],"blocksy_meta":[],"_links":{"self":[{"href":"https:\/\/stib-sa.fr\/en\/wp-json\/wp\/v2\/pages\/721","targetHints":{"allow":["GET"]}}],"collection":[{"href":"https:\/\/stib-sa.fr\/en\/wp-json\/wp\/v2\/pages"}],"about":[{"href":"https:\/\/stib-sa.fr\/en\/wp-json\/wp\/v2\/types\/page"}],"author":[{"embeddable":true,"href":"https:\/\/stib-sa.fr\/en\/wp-json\/wp\/v2\/users\/1"}],"replies":[{"embeddable":true,"href":"https:\/\/stib-sa.fr\/en\/wp-json\/wp\/v2\/comments?post=721"}],"version-history":[{"count":1,"href":"https:\/\/stib-sa.fr\/en\/wp-json\/wp\/v2\/pages\/721\/revisions"}],"predecessor-version":[{"id":722,"href":"https:\/\/stib-sa.fr\/en\/wp-json\/wp\/v2\/pages\/721\/revisions\/722"}],"wp:attachment":[{"href":"https:\/\/stib-sa.fr\/en\/wp-json\/wp\/v2\/media?parent=721"}],"curies":[{"name":"wp","href":"https:\/\/api.w.org\/{rel}","templated":true}]}}